{"id":14,"date":"2024-02-08T16:44:09","date_gmt":"2024-02-08T15:44:09","guid":{"rendered":"http:\/\/lebe-im-lot.de\/lebe\/?page_id=14"},"modified":"2024-03-14T11:12:17","modified_gmt":"2024-03-14T10:12:17","slug":"meditation","status":"publish","type":"page","link":"https:\/\/lebe-im-lot.de\/lebe\/meditation\/","title":{"rendered":"Meditation"},"content":{"rendered":"\t\t<div data-elementor-type=\"wp-page\" data-elementor-id=\"14\" class=\"elementor elementor-14\">\n\t\t\t\t<div class=\"elementor-element elementor-element-c160a96 e-con-full e-flex e-con e-parent\" data-id=\"c160a96\" data-element_type=\"container\">\n\t\t\t\t<div class=\"elementor-element elementor-element-67a9fbe elementor-widget elementor-widget-image\" data-id=\"67a9fbe\" data-element_type=\"widget\" data-widget_type=\"image.default\">\n\t\t\t\t<div class=\"elementor-widget-container\">\n\t\t\t\t\t\t\t\t\t\t\t\t\t\t\t<img decoding=\"async\" src=\"https:\/\/lebe-im-lot.de\/lebe\/wp-content\/uploads\/2024\/02\/LIL-2247-scaled.jpg\" title=\"LIL-2247\" alt=\"LIL-2247\" loading=\"lazy\" \/>\t\t\t\t\t\t\t\t\t\t\t\t\t\t\t<\/div>\n\t\t\t\t<\/div>\n\t\t\t\t<\/div>\n\t\t<div class=\"elementor-element elementor-element-2b6d5ca e-flex e-con-boxed e-con e-parent\" data-id=\"2b6d5ca\" data-element_type=\"container\">\n\t\t\t\t\t<div class=\"e-con-inner\">\n\t\t\t\t<div class=\"elementor-element elementor-element-360d058 elementor-widget elementor-widget-text-editor\" data-id=\"360d058\" data-element_type=\"widget\" data-widget_type=\"text-editor.default\">\n\t\t\t\t<div class=\"elementor-widget-container\">\n\t\t\t\t\t\t\t\t\t<h6>\u00a0<\/h6><h6>Seit Jahrhunderten sind wir Menschen auf der spirituellen Suche nach uns selbst.<\/h6><p>Fragen nach dem Sinn unseres Lebens besch\u00e4ftigen uns ebenso wie Zweifel am eigenen Lebensmodell. Bin ich auf dem richtigen Weg? Was hat es mit der viel zitierten Work-Life-Balance auf sich, oder geht es grunds\u00e4tzlich um Ausgewogenheit bei allem?<\/p><p>Oft drehen wir uns gedanklich im Kreis, sind innerlich unruhig. Anspr\u00fcche, W\u00fcnsche, Verpflichtungen und Zw\u00e4nge halten uns auf Trab. \u00a0<\/p><p>Durchbrechen Sie jetzt diesen Kreislauf mit Meditation! Lernen Sie, sich selbst achtsam, vorurteils- und wertfrei sowie liebevoll zu begegnen.<\/p><p>Meditation ist ein sehr klarer Weg. Nahezu jeder Mensch kann meditieren lernen, ebenso k\u00f6nnen Menschen aller Religionen gleicherma\u00dfen davon profitieren, wenn sie offen f\u00fcr Erkenntnisse \u00fcber sich selbst sind.\u00a0<\/p><p>Undogmatisch m\u00f6chten wir Ihnen verschiedene Ans\u00e4tze aufzeigen. Dabei geht es um Achtsamkeit, Konzentration und Erkenntnis.<\/p><p>Die Stille-Meditation mit der Atemkonzentration ist ein zentrales Element. Jeder Mensch tr\u00e4gt jedoch andere Zugangsm\u00f6glichkeiten zur Konzentration in sich. Wir \u00fcben daher auch mit Kl\u00e4ngen (Mantras, Klangschalen), Bewegung (Gehen, Tanzen), Visualisierungen (Farben, Begriffe) in der Natur und mehr. \u00a0<\/p><p>Da die wenigsten Menschen ein kontemplatives Leben in Abgeschiedenheit anstreben, ist das Ziel f\u00fcr uns, im t\u00e4glichen Leben mehr Zufriedenheit und Ausgeglichenheit zu erfahren. Die Erkenntnisse, die Sie durch Meditation erlangen, k\u00f6nnen Ihnen helfen, Ihr Leben neu auszurichten, gl\u00fccklich und zufrieden zu werden.<\/p><p>Es bedarf zu Beginn keinerlei Vorkenntnisse.<\/p><p>In der <strong>Einzelstunde<\/strong> gehen wir gezielt auf Ihre individuellen Bed\u00fcrfnisse und Anliegen ein und ermitteln den f\u00fcr Sie idealen Ansatz.<\/p><p>Im <strong>Gruppenkurs <\/strong>praktizieren Sie mit anderen zusammen.<\/p>\t\t\t\t\t\t\t\t<\/div>\n\t\t\t\t<\/div>\n\t\t\t\t\t<\/div>\n\t\t\t\t<\/div>\n\t\t\t\t<\/div>\n\t\t","protected":false},"excerpt":{"rendered":"<p>\u00a0 Seit Jahrhunderten sind wir Menschen auf der spirituellen Suche nach uns selbst. Fragen nach dem Sinn unseres Lebens besch\u00e4ftigen uns ebenso wie Zweifel am eigenen Lebensmodell. Bin ich auf dem richtigen Weg? Was hat es mit der viel zitierten Work-Life-Balance auf sich, oder geht es grunds\u00e4tzlich um Ausgewogenheit bei allem? Oft drehen wir uns &#8230; <a title=\"Meditation\" class=\"read-more\" href=\"https:\/\/lebe-im-lot.de\/lebe\/meditation\/\" aria-label=\"Mehr Informationen \u00fcber Meditation\">Weiterlesen<\/a><\/p>\n","protected":false},"author":1,"featured_media":0,"parent":0,"menu_order":0,"comment_status":"closed","ping_status":"closed","template":"","meta":{"footnotes":""},"class_list":["post-14","page","type-page","status-publish"],"_links":{"self":[{"href":"https:\/\/lebe-im-lot.de\/lebe\/wp-json\/wp\/v2\/pages\/14","targetHints":{"allow":["GET"]}}],"collection":[{"href":"https:\/\/lebe-im-lot.de\/lebe\/wp-json\/wp\/v2\/pages"}],"about":[{"href":"https:\/\/lebe-im-lot.de\/lebe\/wp-json\/wp\/v2\/types\/page"}],"author":[{"embeddable":true,"href":"https:\/\/lebe-im-lot.de\/lebe\/wp-json\/wp\/v2\/users\/1"}],"replies":[{"embeddable":true,"href":"https:\/\/lebe-im-lot.de\/lebe\/wp-json\/wp\/v2\/comments?post=14"}],"version-history":[{"count":43,"href":"https:\/\/lebe-im-lot.de\/lebe\/wp-json\/wp\/v2\/pages\/14\/revisions"}],"predecessor-version":[{"id":324,"href":"https:\/\/lebe-im-lot.de\/lebe\/wp-json\/wp\/v2\/pages\/14\/revisions\/324"}],"wp:attachment":[{"href":"https:\/\/lebe-im-lot.de\/lebe\/wp-json\/wp\/v2\/media?parent=14"}],"curies":[{"name":"wp","href":"https:\/\/api.w.org\/{rel}","templated":true}]}}