{"id":20,"date":"2024-02-08T16:45:56","date_gmt":"2024-02-08T15:45:56","guid":{"rendered":"http:\/\/lebe-im-lot.de\/lebe\/?page_id=20"},"modified":"2024-07-01T13:07:30","modified_gmt":"2024-07-01T11:07:30","slug":"impressum","status":"publish","type":"page","link":"https:\/\/lebe-im-lot.de\/lebe\/impressum\/","title":{"rendered":"Impressum"},"content":{"rendered":"\t\t<div data-elementor-type=\"wp-page\" data-elementor-id=\"20\" class=\"elementor elementor-20\">\n\t\t\t\t<div class=\"elementor-element elementor-element-37add71 e-flex e-con-boxed e-con e-parent\" data-id=\"37add71\" data-element_type=\"container\">\n\t\t\t\t\t<div class=\"e-con-inner\">\n\t\t\t\t<div class=\"elementor-element elementor-element-1917dc5 elementor-widget elementor-widget-text-editor\" data-id=\"1917dc5\" data-element_type=\"widget\" data-widget_type=\"text-editor.default\">\n\t\t\t\t<div class=\"elementor-widget-container\">\n\t\t\t\t\t\t\t\t\t<p><strong>Angaben gem\u00e4\u00df \u00a7 5 TMG <\/strong><\/p><p>Heilpraktikerin Andrea Euler,<\/p><p>ebenfalls Verantwortliche f\u00fcr den Inhalt der Website nach \u00a7 55 Abs. 2 RStV<\/p><p>Am Zollstock 21<\/p><p>65205 Wiesbaden<\/p><p>E-Mail: <a href=\"mailto:info@lebe-im-lot.de\">info@lebe-im-lot.de<\/a><\/p><p><strong>Gesetzliche Berufsbezeichnung: <\/strong><\/p><p>Heilpraktikerin (verliehen in der Bundesrepublik Deutschland)<\/p><p><strong>Zust\u00e4ndige Aufsichtsbeh\u00f6rde: <\/strong><\/p><p>Gesundheitsamt Wetteraukreis, Europaplatz, 61169 Friedberg<\/p><p><a href=\"https:\/\/www.wetteraukreis.de\/verwaltung\/organigramm\/fachbereich-gesundheit-veterinaerwesen-und-bevoelkerungsschutz\/\">https:\/\/www.wetteraukreis.de\/verwaltung\/organigramm\/fachbereich-gesundheit-veterinaerwesen-und-bevoelkerungsschutz\/<\/a><\/p><p><strong>Berufsrechtliche Regelungen: <\/strong><\/p><p>Gesetz \u00fcber die berufsm\u00e4\u00dfige Aus\u00fcbung der Heilkunde ohne \u00e4rztliche Bestallung (Heilpraktikergesetz) und Durchf\u00fchrungsverordnung:<\/p><p>Nachzulesen im Internet unter<\/p><p><a href=\"http:\/\/www.gesetze-im-internet.de\/heilprg\/index.html\">http:\/\/www.gesetze-im-internet.de\/heilprg\/index.html<\/a><\/p><p><a href=\"http:\/\/www.gesetze-im-internet.de\/heilprgdv_1\/index.html\">http:\/\/www.gesetze-im-internet.de\/heilprgdv_1\/index.html<\/a><\/p><p><strong>Heilkundliche T\u00e4tigkeit ist von der Umsatzsteuer gem\u00e4\u00df \u00a7 4 Nr.14 UStG befreit. <\/strong><\/p><p><strong>Berufshaftpflichtversicherung: <\/strong><\/p><p>Die VHV Allgemeine Versicherung AG, VHV-Platz 1, 30177 Hannover<\/p><p>Geltungsbereich: Bundesrepublik Deutschland, Europ\u00e4isches Ausland<\/p>\t\t\t\t\t\t\t\t<\/div>\n\t\t\t\t<\/div>\n\t\t\t\t\t<\/div>\n\t\t\t\t<\/div>\n\t\t\t\t<\/div>\n\t\t","protected":false},"excerpt":{"rendered":"<p>Angaben gem\u00e4\u00df \u00a7 5 TMG Heilpraktikerin Andrea Euler, ebenfalls Verantwortliche f\u00fcr den Inhalt der Website nach \u00a7 55 Abs. 2 RStV Am Zollstock 21 65205 Wiesbaden E-Mail: info@lebe-im-lot.de Gesetzliche Berufsbezeichnung: Heilpraktikerin (verliehen in der Bundesrepublik Deutschland) Zust\u00e4ndige Aufsichtsbeh\u00f6rde: Gesundheitsamt Wetteraukreis, Europaplatz, 61169 Friedberg https:\/\/www.wetteraukreis.de\/verwaltung\/organigramm\/fachbereich-gesundheit-veterinaerwesen-und-bevoelkerungsschutz\/ Berufsrechtliche Regelungen: Gesetz \u00fcber die berufsm\u00e4\u00dfige Aus\u00fcbung der Heilkunde ohne \u00e4rztliche &#8230; <a title=\"Impressum\" class=\"read-more\" href=\"https:\/\/lebe-im-lot.de\/lebe\/impressum\/\" aria-label=\"Mehr Informationen \u00fcber Impressum\">Weiterlesen<\/a><\/p>\n","protected":false},"author":1,"featured_media":0,"parent":0,"menu_order":0,"comment_status":"closed","ping_status":"closed","template":"","meta":{"footnotes":""},"class_list":["post-20","page","type-page","status-publish"],"_links":{"self":[{"href":"https:\/\/lebe-im-lot.de\/lebe\/wp-json\/wp\/v2\/pages\/20","targetHints":{"allow":["GET"]}}],"collection":[{"href":"https:\/\/lebe-im-lot.de\/lebe\/wp-json\/wp\/v2\/pages"}],"about":[{"href":"https:\/\/lebe-im-lot.de\/lebe\/wp-json\/wp\/v2\/types\/page"}],"author":[{"embeddable":true,"href":"https:\/\/lebe-im-lot.de\/lebe\/wp-json\/wp\/v2\/users\/1"}],"replies":[{"embeddable":true,"href":"https:\/\/lebe-im-lot.de\/lebe\/wp-json\/wp\/v2\/comments?post=20"}],"version-history":[{"count":13,"href":"https:\/\/lebe-im-lot.de\/lebe\/wp-json\/wp\/v2\/pages\/20\/revisions"}],"predecessor-version":[{"id":409,"href":"https:\/\/lebe-im-lot.de\/lebe\/wp-json\/wp\/v2\/pages\/20\/revisions\/409"}],"wp:attachment":[{"href":"https:\/\/lebe-im-lot.de\/lebe\/wp-json\/wp\/v2\/media?parent=20"}],"curies":[{"name":"wp","href":"https:\/\/api.w.org\/{rel}","templated":true}]}}