{"id":378,"date":"2024-03-18T15:02:53","date_gmt":"2024-03-18T14:02:53","guid":{"rendered":"https:\/\/lebe-im-lot.de\/lebe\/?page_id=378"},"modified":"2024-03-18T15:10:10","modified_gmt":"2024-03-18T14:10:10","slug":"agb","status":"publish","type":"page","link":"https:\/\/lebe-im-lot.de\/lebe\/agb\/","title":{"rendered":"AGB"},"content":{"rendered":"\t\t<div data-elementor-type=\"wp-page\" data-elementor-id=\"378\" class=\"elementor elementor-378\">\n\t\t\t\t<div class=\"elementor-element elementor-element-dc995e3 e-flex e-con-boxed e-con e-parent\" data-id=\"dc995e3\" data-element_type=\"container\">\n\t\t\t\t\t<div class=\"e-con-inner\">\n\t\t\t\t<div class=\"elementor-element elementor-element-79c7d23 elementor-widget elementor-widget-text-editor\" data-id=\"79c7d23\" data-element_type=\"widget\" data-widget_type=\"text-editor.default\">\n\t\t\t\t<div class=\"elementor-widget-container\">\n\t\t\t\t\t\t\t\t\t<p><strong>AGB<\/strong><\/p><p><strong>Anmeldung von Kursen und Seminaren<\/strong><\/p><p>Wir bitten um Anmeldung zu den Kursen und Seminaren schriftlich \/ per E-Mail. Nach Ihrer Anmeldung erhalten Sie eine Best\u00e4tigung per E-Mail. Eine Einzelstunde kann telefonisch oder per E-Mail angefragt werden. Auch hier erhalten Sie eine Best\u00e4tigung per E-Mail.<\/p><p><strong>Teilnahmebedingungen f\u00fcr Gruppenkurse und Seminare<\/strong><\/p><p>Wird eine Stunde durch die Lehrperson von Lebe im Lot abgesagt, muss die Stunde zum n\u00e4chstm\u00f6glichen Termin nachgeholt werden; weitere Anspr\u00fcche bestehen nicht. F\u00e4llt ein Kurstag auf einen gesetzlichen Feiertag, findet kein Unterricht statt; Ausnahmen werden rechtzeitig angek\u00fcndigt.<\/p><p><strong>\u00a0<\/strong><strong>Terminvereinbarung und Terminabsagen von Einzelstunden<\/strong><\/p><p>Vereinbarte Termine sind verbindlich, da die Zeit nur f\u00fcr Sie reserviert wird. Wird ein Termin oder eine Einzelstunde nicht sp\u00e4testens 24 Stunden vor Beginn abgesagt, wird eine Geb\u00fchr in H\u00f6he von 50,- \u20ac in Rechnung gestellt. Absagen sind sowohl telefonisch (auch als Nachricht auf dem Anrufbeantworter) als auch per E-Mail unter den angegebenen Kontaktdaten m\u00f6glich.<\/p><p><strong>Widerrufsgarantie<\/strong><\/p><p>Innerhalb einer Frist von zwei Wochen k\u00f6nnen Sie Ihre Anmeldung ohne Begr\u00fcndung widerrufen. Der Widerruf muss schriftlich \/ per E-Mail erfolgen. Als Fristwahrung gilt das rechtzeitige Absenden. Der sp\u00e4teste Termin zur Abmeldung eines Kurses oder Seminares ist 7 Tage vor Kurs- oder Seminarbeginn. Sollte keine Abmeldung stattgefunden haben und Sie nicht erscheinen, den Kurs oder das Seminar vorzeitig abbrechen ist dennoch die gesamte Teilnahmegeb\u00fchr f\u00e4llig. Der Grund daf\u00fcr ist in jedem Fall unerheblich. Sie k\u00f6nnen eine\/n Ersatzteilnehmer\/in stellen.<\/p><p><strong>Zahlung von Gruppenkursen und Seminaren<\/strong><\/p><p>Die Zahlung f\u00fcr Kurse und Seminare hat bis sp\u00e4testens 14 Tage vor Kursbeginn zu erfolgen. Mit Ihrer \u00dcberweisung der Teilnahmegeb\u00fchr ist die Anmeldung f\u00fcr beide Seiten verbindlich.<\/p><p>\u00a0<\/p><p><strong>Zahlung von Einzelstunden<\/strong><\/p><p>Sie erhalten nach Ihrer Einzelstunde per E-Mail eine Rechnung. Diese ist innerhalb von 7 Tagen zu begleichen.<\/p><p>\u00a0<\/p><p>Wir m\u00f6chten Sie ausdr\u00fccklich darauf hinweisen, dass m\u00f6glicherweise die Erstattung der Leistungen nicht oder nicht in vollem Umfang seitens Ihrer Krankenkasse oder eines sonstigen Kostentr\u00e4gers gew\u00e4hrleistet ist, mein Anspruch jedoch unabh\u00e4ngig von der Erstattung durch Dritte besteht. Bitte kl\u00e4ren Sie bereits im Vorfeld, ob eine Kostenbezuschussung oder Kosten\u00fcbernahme durch Ihre Krankenkasse m\u00f6glich ist.<\/p><p>\u00a0<\/p><p>\u00a0<\/p><p><strong>Haftung<\/strong><\/p><p>Sie nehmen auf eigene Verantwortung und ohne Anspruch auf Schadensersatz an unseren Veranstaltungen teil. Dies gilt nicht, wenn Veranstalter oder Seminarleitung vors\u00e4tzlich oder grob fahrl\u00e4ssig gehandelt haben. Bei Ausfall einer Kursstunde verl\u00e4ngert sich der Kurs entsprechend bei insgesamt gleicher Kursstundenzahl. Bei Ausfall einer kompletten Veranstaltungsreihe aus wichtigen Gr\u00fcnden erstatten wir die voraus gezahlte Teilnahmegeb\u00fchr. Weitere Anspr\u00fcche bestehen nicht.<\/p>\t\t\t\t\t\t\t\t<\/div>\n\t\t\t\t<\/div>\n\t\t\t\t\t<\/div>\n\t\t\t\t<\/div>\n\t\t\t\t<\/div>\n\t\t","protected":false},"excerpt":{"rendered":"<p>AGB Anmeldung von Kursen und Seminaren Wir bitten um Anmeldung zu den Kursen und Seminaren schriftlich \/ per E-Mail. Nach Ihrer Anmeldung erhalten Sie eine Best\u00e4tigung per E-Mail. Eine Einzelstunde kann telefonisch oder per E-Mail angefragt werden. Auch hier erhalten Sie eine Best\u00e4tigung per E-Mail. Teilnahmebedingungen f\u00fcr Gruppenkurse und Seminare Wird eine Stunde durch die &#8230; <a title=\"AGB\" class=\"read-more\" href=\"https:\/\/lebe-im-lot.de\/lebe\/agb\/\" aria-label=\"Mehr Informationen \u00fcber AGB\">Weiterlesen<\/a><\/p>\n","protected":false},"author":1,"featured_media":0,"parent":0,"menu_order":0,"comment_status":"closed","ping_status":"closed","template":"","meta":{"footnotes":""},"class_list":["post-378","page","type-page","status-publish"],"_links":{"self":[{"href":"https:\/\/lebe-im-lot.de\/lebe\/wp-json\/wp\/v2\/pages\/378","targetHints":{"allow":["GET"]}}],"collection":[{"href":"https:\/\/lebe-im-lot.de\/lebe\/wp-json\/wp\/v2\/pages"}],"about":[{"href":"https:\/\/lebe-im-lot.de\/lebe\/wp-json\/wp\/v2\/types\/page"}],"author":[{"embeddable":true,"href":"https:\/\/lebe-im-lot.de\/lebe\/wp-json\/wp\/v2\/users\/1"}],"replies":[{"embeddable":true,"href":"https:\/\/lebe-im-lot.de\/lebe\/wp-json\/wp\/v2\/comments?post=378"}],"version-history":[{"count":4,"href":"https:\/\/lebe-im-lot.de\/lebe\/wp-json\/wp\/v2\/pages\/378\/revisions"}],"predecessor-version":[{"id":388,"href":"https:\/\/lebe-im-lot.de\/lebe\/wp-json\/wp\/v2\/pages\/378\/revisions\/388"}],"wp:attachment":[{"href":"https:\/\/lebe-im-lot.de\/lebe\/wp-json\/wp\/v2\/media?parent=378"}],"curies":[{"name":"wp","href":"https:\/\/api.w.org\/{rel}","templated":true}]}}